{"id":2,"date":"2018-03-28T17:32:24","date_gmt":"2018-03-28T17:32:24","guid":{"rendered":"http:\/\/maciejzembaty.pl\/?page_id=2"},"modified":"2018-03-28T16:10:22","modified_gmt":"2018-03-28T16:10:22","slug":"about","status":"publish","type":"page","link":"http:\/\/maciejzembaty.pl\/?page_id=2","title":{"rendered":"o tej stronie:"},"content":{"rendered":"<p>je\u015bli interesuje Was cokolwiek, co zwi\u0105zane z t\u0105 stron\u0105<br \/>\n\u2013 prosimy o kontakt do Pana admina:<br \/>\n<strong>makowski at makowski info <\/strong><br \/>\n(i zamiast \u201eat\u201d wstawiamy \u201ema\u0142p\u0119\u201d a zamiast spacji: kropki\u2026)<br \/>\nmr m.<\/p>\n","protected":false},"excerpt":{"rendered":"<p>je\u015bli interesuje Was cokolwiek, co zwi\u0105zane z t\u0105 stron\u0105 \u2013 prosimy o kontakt do Pana admina: makowski at makowski info (i zamiast \u201eat\u201d wstawiamy \u201ema\u0142p\u0119\u201d a zamiast spacji: kropki\u2026) mr m.<\/p>\n","protected":false},"author":1,"featured_media":0,"parent":0,"menu_order":0,"comment_status":"open","ping_status":"open","template":"","meta":[],"_links":{"self":[{"href":"http:\/\/maciejzembaty.pl\/index.php?rest_route=\/wp\/v2\/pages\/2"}],"collection":[{"href":"http:\/\/maciejzembaty.pl\/index.php?rest_route=\/wp\/v2\/pages"}],"about":[{"href":"http:\/\/maciejzembaty.pl\/index.php?rest_route=\/wp\/v2\/types\/page"}],"author":[{"embeddable":true,"href":"http:\/\/maciejzembaty.pl\/index.php?rest_route=\/wp\/v2\/users\/1"}],"replies":[{"embeddable":true,"href":"http:\/\/maciejzembaty.pl\/index.php?rest_route=%2Fwp%2Fv2%2Fcomments&post=2"}],"version-history":[{"count":5,"href":"http:\/\/maciejzembaty.pl\/index.php?rest_route=\/wp\/v2\/pages\/2\/revisions"}],"predecessor-version":[{"id":16,"href":"http:\/\/maciejzembaty.pl\/index.php?rest_route=\/wp\/v2\/pages\/2\/revisions\/16"}],"wp:attachment":[{"href":"http:\/\/maciejzembaty.pl\/index.php?rest_route=%2Fwp%2Fv2%2Fmedia&parent=2"}],"curies":[{"name":"wp","href":"https:\/\/api.w.org\/{rel}","templated":true}]}}